{"id":1051,"date":"2022-07-05T12:16:10","date_gmt":"2022-07-05T12:16:10","guid":{"rendered":"https:\/\/vall-ker.hu\/gyarto-telephely\/"},"modified":"2022-11-17T13:20:20","modified_gmt":"2022-11-17T13:20:20","slug":"manufacturing-site","status":"publish","type":"page","link":"https:\/\/vall-ker.hu\/en\/manufacturing-site\/","title":{"rendered":"Manufacturing site"},"content":{"rendered":"\n<style type=\"text\/css\" data-created_by=\"avia_inline_auto\" id=\"style-css-av-144kpv-ae6fec74a47814d047583fa7e1a6c4a7\">\n.avia-section.av-144kpv-ae6fec74a47814d047583fa7e1a6c4a7{\nbackground-repeat:no-repeat;\nbackground-image:url(https:\/\/vall-ker.hu\/wp-content\/uploads\/2022\/07\/Wall-Ker-Kft-Web-31-scaled.jpg);\nbackground-position:0% 0%;\nbackground-attachment:scroll;\n}\n.avia-section.av-144kpv-ae6fec74a47814d047583fa7e1a6c4a7 .av-section-color-overlay{\nopacity:0.8;\nbackground-color:#131313;\n}\n<\/style>\n<div id='av_section_1'  class='avia-section av-144kpv-ae6fec74a47814d047583fa7e1a6c4a7 main_color avia-section-large avia-no-border-styling  avia-builder-el-0  el_before_av_section  avia-builder-el-first  avia-full-stretch avia-bg-style-scroll av-section-color-overlay-active container_wrap fullsize'  data-section-bg-repeat='stretch'><div class=\"av-section-color-overlay-wrap\"><div class=\"av-section-color-overlay\"><\/div><div class='container av-section-cont-open' ><main  role=\"main\" itemprop=\"mainContentOfPage\"  class='template-page content  av-content-full alpha units'><div class='post-entry post-entry-type-page post-entry-1051'><div class='entry-content-wrapper clearfix'>\n<div class='flex_column av-z5zpf-9129628046081bbc6fcf4714cd0daa51 av_one_full  avia-builder-el-1  avia-builder-el-no-sibling  first flex_column_div '     ><style type=\"text\/css\" data-created_by=\"avia_inline_auto\" id=\"style-css-av-l584ujz5-62d0baf7f78071f297dbd39c1fc945e9\">\n#top .av-special-heading.av-l584ujz5-62d0baf7f78071f297dbd39c1fc945e9{\npadding-bottom:0px;\ncolor:#ffffff;\n}\nbody .av-special-heading.av-l584ujz5-62d0baf7f78071f297dbd39c1fc945e9 .av-special-heading-tag .heading-char{\nfont-size:25px;\n}\n.av-special-heading.av-l584ujz5-62d0baf7f78071f297dbd39c1fc945e9 .special-heading-inner-border{\nborder-color:#ffffff;\n}\n.av-special-heading.av-l584ujz5-62d0baf7f78071f297dbd39c1fc945e9 .av-subheading{\nfont-size:15px;\n}\n<\/style>\n<div  class='av-special-heading av-l584ujz5-62d0baf7f78071f297dbd39c1fc945e9 av-special-heading-h1 custom-color-heading blockquote modern-quote modern-centered  avia-builder-el-2  avia-builder-el-no-sibling '><h1 class='av-special-heading-tag'  itemprop=\"headline\"  >CONTACT<\/h1><div class=\"special-heading-border\"><div class=\"special-heading-inner-border\"><\/div><\/div><\/div><\/div><\/div><\/div><\/main><!-- close content main element --><\/div><\/div><\/div>\n<style type=\"text\/css\" data-created_by=\"avia_inline_auto\" id=\"style-css-av-rddur-72e55da4d72656bad574032e85a2368d\">\n.avia-section.av-rddur-72e55da4d72656bad574032e85a2368d{\nbackground-color:#f9f9f9;\nbackground-image:unset;\n}\n<\/style>\n<div id='av_section_2'  class='avia-section av-rddur-72e55da4d72656bad574032e85a2368d main_color avia-section-default avia-no-border-styling  avia-builder-el-3  el_after_av_section  avia-builder-el-last  avia-bg-style-scroll container_wrap fullsize'  ><div class='container av-section-cont-open' ><div class='template-page content  av-content-full alpha units'><div class='post-entry post-entry-type-page post-entry-1051'><div class='entry-content-wrapper clearfix'>\n\n<style type=\"text\/css\" data-created_by=\"avia_inline_auto\" id=\"style-css-av-m5bsj-fc20dd4a35e505844b3c455740401931\">\n.flex_column.av-m5bsj-fc20dd4a35e505844b3c455740401931{\npadding:10px 10px 10px 10px;\nbackground-color:#ffffff;\n}\n<\/style>\n<div class='flex_column av-m5bsj-fc20dd4a35e505844b3c455740401931 av_one_fourth  avia-builder-el-4  el_before_av_three_fourth  avia-builder-el-first  first flex_column_div '     ><section  class='av_textblock_section av-l584uxuc-69a4e74863b5f220b0b2134be27b5e5c'  itemscope=\"itemscope\" itemtype=\"https:\/\/schema.org\/CreativeWork\" ><div class='avia_textblock'  itemprop=\"text\" ><p><strong>Manufacturing site<\/strong><\/p>\n<\/div><\/section><\/div><div class='flex_column av-dbx3f-40e048647d67ee56199038a063bbba93 av_three_fourth  avia-builder-el-6  el_after_av_one_fourth  avia-builder-el-last  flex_column_div '     ><p><section  class='av_textblock_section av-l584w8l1-c34047000c7a8cb12b0bba8b97483c07'  itemscope=\"itemscope\" itemtype=\"https:\/\/schema.org\/CreativeWork\" ><div class='avia_textblock'  itemprop=\"text\" ><p>If you have questions about our stoves or are interested in one of our services, contact us:<\/p>\n<p><strong>Phone:<\/strong> <a href=\"tel:+3662219448\">+36 62\/219 448 <\/a><\/p>\n<p><strong>Mobile: <\/strong><a href=\"tel:+36304956125\">+36 30\/495-6125<\/a><\/p>\n<p><strong>E-mail: <\/strong><a href=\"mailto:vall-ker@vall-ker.hu\">vall-ker@vall-ker.hu<\/a><\/p>\n<p><strong>Address: <\/strong>6900 Mak\u00f3, Honv\u00e9d street 6\/A<\/p>\n<\/div><\/section><br \/>\n\n<style type=\"text\/css\" data-created_by=\"avia_inline_auto\" id=\"style-css-av-b7ler-a9b2a358d57a535ee46b8b10c4483a9f\">\n#top .hr.hr-invisible.av-b7ler-a9b2a358d57a535ee46b8b10c4483a9f{\nheight:20px;\n}\n<\/style>\n<div  class='hr av-b7ler-a9b2a358d57a535ee46b8b10c4483a9f hr-invisible  avia-builder-el-8  el_after_av_textblock  el_before_av_textblock '><span class='hr-inner '><span class=\"hr-inner-style\"><\/span><\/span><\/div><br \/>\n<section  class='av_textblock_section av-l584x6rr-bc9f0a778c47e3f68445b2586311e5c2'  itemscope=\"itemscope\" itemtype=\"https:\/\/schema.org\/CreativeWork\" ><div class='avia_textblock'  itemprop=\"text\" ><p><iframe loading=\"lazy\" style=\"border: 0;\" src=\"https:\/\/www.google.com\/maps\/embed?pb=!1m18!1m12!1m3!1d2760.073472159591!2d20.49238011578585!3d46.228883590113334!2m3!1f0!2f0!3f0!3m2!1i1024!2i768!4f13.1!3m3!1m2!1s0x474458be94ea4823%3A0x3d74be3dc2e7b7b7!2zTWFrw7MsIEhvbnbDqWQgdS4gNiwgNjkwMA!5e0!3m2!1shu!2shu!4v1657023334577!5m2!1shu!2shu\" width=\"100%\" height=\"450\" allowfullscreen=\"allowfullscreen\"><\/iframe><\/p>\n<\/div><\/section><\/p><\/div><\/p>\n","protected":false},"excerpt":{"rendered":"","protected":false},"author":2,"featured_media":0,"parent":0,"menu_order":0,"comment_status":"closed","ping_status":"closed","template":"","meta":{"inline_featured_image":false,"footnotes":""},"class_list":["post-1051","page","type-page","status-publish","hentry"],"yoast_head":"<!-- This site is optimized with the Yoast SEO plugin v26.3 - https:\/\/yoast.com\/wordpress\/plugins\/seo\/ -->\n<title>Manufacturing site - V\u00e1ll-Ker Kft.<\/title>\n<meta name=\"description\" content=\"If you have questions about our stoves or are interested in one of our services, contact us.\" \/>\n<meta name=\"robots\" content=\"index, follow, max-snippet:-1, max-image-preview:large, max-video-preview:-1\" \/>\n<link rel=\"canonical\" href=\"https:\/\/vall-ker.hu\/en\/manufacturing-site\/\" \/>\n<meta property=\"og:locale\" content=\"en_US\" \/>\n<meta property=\"og:type\" content=\"article\" \/>\n<meta property=\"og:title\" content=\"V\u00e1ll-Ker Kft.\" \/>\n<meta property=\"og:description\" content=\"Amennyiben k\u00e9rd\u00e9sei vannak kandall\u00f3inkkal kapcsolatban, vagy \u00e9rdekl\u0151dik valamelyik szolg\u00e1ltat\u00e1sunk ir\u00e1nt, l\u00e9pjen kapcsolatba vel\u00fcnk.\" \/>\n<meta property=\"og:url\" content=\"https:\/\/vall-ker.hu\/en\/manufacturing-site\/\" \/>\n<meta property=\"og:site_name\" content=\"V\u00e1ll-Ker Kft.\" \/>\n<meta property=\"article:modified_time\" content=\"2022-11-17T13:20:20+00:00\" \/>\n<meta property=\"og:image\" content=\"https:\/\/vall-ker.hu\/wp-content\/uploads\/2022\/11\/vallkerfb.jpg\" \/>\n\t<meta property=\"og:image:width\" content=\"1200\" \/>\n\t<meta property=\"og:image:height\" content=\"630\" \/>\n\t<meta property=\"og:image:type\" content=\"image\/jpeg\" \/>\n<meta name=\"twitter:card\" content=\"summary_large_image\" \/>\n<meta name=\"twitter:label1\" content=\"Est. reading time\" \/>\n\t<meta name=\"twitter:data1\" content=\"3 minutes\" \/>\n<script type=\"application\/ld+json\" class=\"yoast-schema-graph\">{\"@context\":\"https:\/\/schema.org\",\"@graph\":[{\"@type\":\"WebPage\",\"@id\":\"https:\/\/vall-ker.hu\/en\/manufacturing-site\/\",\"url\":\"https:\/\/vall-ker.hu\/en\/manufacturing-site\/\",\"name\":\"Manufacturing site - V\u00e1ll-Ker Kft.\",\"isPartOf\":{\"@id\":\"https:\/\/vall-ker.hu\/#website\"},\"datePublished\":\"2022-07-05T12:16:10+00:00\",\"dateModified\":\"2022-11-17T13:20:20+00:00\",\"description\":\"If you have questions about our stoves or are interested in one of our services, contact us.\",\"breadcrumb\":{\"@id\":\"https:\/\/vall-ker.hu\/en\/manufacturing-site\/#breadcrumb\"},\"inLanguage\":\"en-US\",\"potentialAction\":[{\"@type\":\"ReadAction\",\"target\":[\"https:\/\/vall-ker.hu\/en\/manufacturing-site\/\"]}]},{\"@type\":\"BreadcrumbList\",\"@id\":\"https:\/\/vall-ker.hu\/en\/manufacturing-site\/#breadcrumb\",\"itemListElement\":[{\"@type\":\"ListItem\",\"position\":1,\"name\":\"Kezd\u0151lap\",\"item\":\"https:\/\/vall-ker.hu\/en\/home\/\"},{\"@type\":\"ListItem\",\"position\":2,\"name\":\"Manufacturing site\"}]},{\"@type\":\"WebSite\",\"@id\":\"https:\/\/vall-ker.hu\/#website\",\"url\":\"https:\/\/vall-ker.hu\/\",\"name\":\"V\u00e1ll-Ker Kft.\",\"description\":\"Egy \u00fajabb WordPress honlap\",\"potentialAction\":[{\"@type\":\"SearchAction\",\"target\":{\"@type\":\"EntryPoint\",\"urlTemplate\":\"https:\/\/vall-ker.hu\/?s={search_term_string}\"},\"query-input\":{\"@type\":\"PropertyValueSpecification\",\"valueRequired\":true,\"valueName\":\"search_term_string\"}}],\"inLanguage\":\"en-US\"}]}<\/script>\n<!-- \/ Yoast SEO plugin. -->","yoast_head_json":{"title":"Manufacturing site - V\u00e1ll-Ker Kft.","description":"If you have questions about our stoves or are interested in one of our services, contact us.","robots":{"index":"index","follow":"follow","max-snippet":"max-snippet:-1","max-image-preview":"max-image-preview:large","max-video-preview":"max-video-preview:-1"},"canonical":"https:\/\/vall-ker.hu\/en\/manufacturing-site\/","og_locale":"en_US","og_type":"article","og_title":"V\u00e1ll-Ker Kft.","og_description":"Amennyiben k\u00e9rd\u00e9sei vannak kandall\u00f3inkkal kapcsolatban, vagy \u00e9rdekl\u0151dik valamelyik szolg\u00e1ltat\u00e1sunk ir\u00e1nt, l\u00e9pjen kapcsolatba vel\u00fcnk.","og_url":"https:\/\/vall-ker.hu\/en\/manufacturing-site\/","og_site_name":"V\u00e1ll-Ker Kft.","article_modified_time":"2022-11-17T13:20:20+00:00","og_image":[{"width":1200,"height":630,"url":"https:\/\/vall-ker.hu\/wp-content\/uploads\/2022\/11\/vallkerfb.jpg","type":"image\/jpeg"}],"twitter_card":"summary_large_image","twitter_misc":{"Est. reading time":"3 minutes"},"schema":{"@context":"https:\/\/schema.org","@graph":[{"@type":"WebPage","@id":"https:\/\/vall-ker.hu\/en\/manufacturing-site\/","url":"https:\/\/vall-ker.hu\/en\/manufacturing-site\/","name":"Manufacturing site - V\u00e1ll-Ker Kft.","isPartOf":{"@id":"https:\/\/vall-ker.hu\/#website"},"datePublished":"2022-07-05T12:16:10+00:00","dateModified":"2022-11-17T13:20:20+00:00","description":"If you have questions about our stoves or are interested in one of our services, contact us.","breadcrumb":{"@id":"https:\/\/vall-ker.hu\/en\/manufacturing-site\/#breadcrumb"},"inLanguage":"en-US","potentialAction":[{"@type":"ReadAction","target":["https:\/\/vall-ker.hu\/en\/manufacturing-site\/"]}]},{"@type":"BreadcrumbList","@id":"https:\/\/vall-ker.hu\/en\/manufacturing-site\/#breadcrumb","itemListElement":[{"@type":"ListItem","position":1,"name":"Kezd\u0151lap","item":"https:\/\/vall-ker.hu\/en\/home\/"},{"@type":"ListItem","position":2,"name":"Manufacturing site"}]},{"@type":"WebSite","@id":"https:\/\/vall-ker.hu\/#website","url":"https:\/\/vall-ker.hu\/","name":"V\u00e1ll-Ker Kft.","description":"Egy \u00fajabb WordPress honlap","potentialAction":[{"@type":"SearchAction","target":{"@type":"EntryPoint","urlTemplate":"https:\/\/vall-ker.hu\/?s={search_term_string}"},"query-input":{"@type":"PropertyValueSpecification","valueRequired":true,"valueName":"search_term_string"}}],"inLanguage":"en-US"}]}},"_links":{"self":[{"href":"https:\/\/vall-ker.hu\/en\/wp-json\/wp\/v2\/pages\/1051","targetHints":{"allow":["GET"]}}],"collection":[{"href":"https:\/\/vall-ker.hu\/en\/wp-json\/wp\/v2\/pages"}],"about":[{"href":"https:\/\/vall-ker.hu\/en\/wp-json\/wp\/v2\/types\/page"}],"author":[{"embeddable":true,"href":"https:\/\/vall-ker.hu\/en\/wp-json\/wp\/v2\/users\/2"}],"replies":[{"embeddable":true,"href":"https:\/\/vall-ker.hu\/en\/wp-json\/wp\/v2\/comments?post=1051"}],"version-history":[{"count":2,"href":"https:\/\/vall-ker.hu\/en\/wp-json\/wp\/v2\/pages\/1051\/revisions"}],"predecessor-version":[{"id":1052,"href":"https:\/\/vall-ker.hu\/en\/wp-json\/wp\/v2\/pages\/1051\/revisions\/1052"}],"wp:attachment":[{"href":"https:\/\/vall-ker.hu\/en\/wp-json\/wp\/v2\/media?parent=1051"}],"curies":[{"name":"wp","href":"https:\/\/api.w.org\/{rel}","templated":true}]}}